{"id":2259,"date":"2019-10-28T19:21:32","date_gmt":"2019-10-28T18:21:32","guid":{"rendered":"http:\/\/trikes.net\/?page_id=2259"},"modified":"2019-10-28T19:21:32","modified_gmt":"2019-10-28T18:21:32","slug":"trikes-mieten","status":"publish","type":"page","link":"https:\/\/trikes.net\/en\/trikes-mieten\/","title":{"rendered":"Trikes mieten"},"content":{"rendered":"<p>Leider k\u00f6nnen wir mit Ablauf der Saison 2019 keine Trikevermietung mehr anbieten. Nach 30 Jahren Trikevermietung mit Trikes der Firma Rewaco stellen wir die Vermietung unserer Fahrzeuge ein.<\/p>\n<p>Die Erfahrung aus 30 Jahren bleibt im Ver- und Ankauf von Trikes aller Hersteller und dem langj\u00e4hrigen Werkstattservice erhalten. Wir bedanken uns bei allen Trikefreunden, insbesondere bei den langj\u00e4hrigen Stammkunden, f\u00fcr die lange und gute Zusammenarbeit.<\/p>\n<div class=\"shariff\" data-title=\"Trikes mieten\" data-info-url=\"http:\/\/ct.de\/-2467514\" data-backend-url=\"https:\/\/trikes.net\/wp-content\/plugins\/shariff-sharing\/backend\/index.php\" data-temp=\"\/tmp\" data-ttl=\"60\" data-service=\"gfts\" data-services='[\"googleplus\",\"facebook\",\"twitter\",\"stumbleupon\",\"whatsapp\",\"mail\",\"info\"]' data-image=\"\" data-url=\"https:\/\/trikes.net\/en\/trikes-mieten\/\" data-lang=\"en\" data-theme=\"color\" data-orientation=\"horizontal\"><\/div>","protected":false},"excerpt":{"rendered":"<p>Leider k\u00f6nnen wir mit Ablauf der Saison 2019 keine Trikevermietung mehr anbieten. Nach 30 Jahren Trikevermietung mit Trikes der Firma Rewaco stellen wir die Vermietung unserer Fahrzeuge ein. Die Erfahrung aus 30 Jahren bleibt im Ver- und Ankauf von Trikes aller Hersteller und dem langj\u00e4hrigen Werkstattservice erhalten. Wir bedanken uns [&hellip;]<\/p>\n","protected":false},"author":1,"featured_media":0,"parent":0,"menu_order":0,"comment_status":"closed","ping_status":"closed","template":"","meta":{"_exactmetrics_skip_tracking":false,"_exactmetrics_sitenote_active":false,"_exactmetrics_sitenote_note":"","_exactmetrics_sitenote_category":0},"yoast_head":"<!-- This site is optimized with the Yoast SEO plugin v16.8 - https:\/\/yoast.com\/wordpress\/plugins\/seo\/ -->\n<title>\u2713 Trikes mieten - TrikeWorld - Trikeverkauf, Trikeankauf und Service<\/title>\n<meta name=\"robots\" content=\"index, follow, max-snippet:-1, max-image-preview:large, max-video-preview:-1\" \/>\n<link rel=\"canonical\" href=\"https:\/\/trikes.net\/en\/trikes-mieten\/\" \/>\n<meta property=\"og:locale\" content=\"en_US\" \/>\n<meta property=\"og:type\" content=\"article\" \/>\n<meta property=\"og:title\" content=\"\u2713 Trikes mieten - TrikeWorld - Trikeverkauf, Trikeankauf und Service\" \/>\n<meta property=\"og:description\" content=\"Leider k\u00f6nnen wir mit Ablauf der Saison 2019 keine Trikevermietung mehr anbieten. Nach 30 Jahren Trikevermietung mit Trikes der Firma Rewaco stellen wir die Vermietung unserer Fahrzeuge ein. Die Erfahrung aus 30 Jahren bleibt im Ver- und Ankauf von Trikes aller Hersteller und dem langj\u00e4hrigen Werkstattservice erhalten. Wir bedanken uns [&hellip;]\" \/>\n<meta property=\"og:url\" content=\"https:\/\/trikes.net\/trikes-mieten\/\" \/>\n<meta property=\"og:site_name\" content=\"TrikeWorld - Trikeverkauf, Trikeankauf und Service\" \/>\n<meta name=\"twitter:card\" content=\"summary\" \/>\n<script type=\"application\/ld+json\" class=\"yoast-schema-graph\">{\"@context\":\"https:\/\/schema.org\",\"@graph\":[{\"@type\":\"WebSite\",\"@id\":\"https:\/\/trikes.net\/#website\",\"url\":\"https:\/\/trikes.net\/\",\"name\":\"TrikeWorld - Trikes erleben, Trikes mieten und Trikes kaufen\",\"description\":\"\",\"potentialAction\":[{\"@type\":\"SearchAction\",\"target\":{\"@type\":\"EntryPoint\",\"urlTemplate\":\"https:\/\/trikes.net\/?s={search_term_string}\"},\"query-input\":\"required name=search_term_string\"}],\"inLanguage\":\"en-US\"},{\"@type\":\"WebPage\",\"@id\":\"https:\/\/trikes.net\/trikes-mieten\/#webpage\",\"url\":\"https:\/\/trikes.net\/trikes-mieten\/\",\"name\":\"\\u2713 Trikes mieten - TrikeWorld - Trikeverkauf, Trikeankauf und Service\",\"isPartOf\":{\"@id\":\"https:\/\/trikes.net\/#website\"},\"datePublished\":\"2019-10-28T18:21:32+00:00\",\"dateModified\":\"2019-10-28T18:21:32+00:00\",\"breadcrumb\":{\"@id\":\"https:\/\/trikes.net\/trikes-mieten\/#breadcrumb\"},\"inLanguage\":\"en-US\",\"potentialAction\":[{\"@type\":\"ReadAction\",\"target\":[\"https:\/\/trikes.net\/trikes-mieten\/\"]}]},{\"@type\":\"BreadcrumbList\",\"@id\":\"https:\/\/trikes.net\/trikes-mieten\/#breadcrumb\",\"itemListElement\":[{\"@type\":\"ListItem\",\"position\":1,\"name\":\"Startseite\",\"item\":\"https:\/\/trikes.net\/hestia-front\/\"},{\"@type\":\"ListItem\",\"position\":2,\"name\":\"Trikes mieten\"}]}]}<\/script>\n<!-- \/ Yoast SEO plugin. -->","yoast_head_json":{"title":"\u2713 Trikes mieten - TrikeWorld - Trikeverkauf, Trikeankauf und Service","robots":{"index":"index","follow":"follow","max-snippet":"max-snippet:-1","max-image-preview":"max-image-preview:large","max-video-preview":"max-video-preview:-1"},"canonical":"https:\/\/trikes.net\/en\/trikes-mieten\/","og_locale":"en_US","og_type":"article","og_title":"\u2713 Trikes mieten - TrikeWorld - Trikeverkauf, Trikeankauf und Service","og_description":"Leider k\u00f6nnen wir mit Ablauf der Saison 2019 keine Trikevermietung mehr anbieten. Nach 30 Jahren Trikevermietung mit Trikes der Firma Rewaco stellen wir die Vermietung unserer Fahrzeuge ein. Die Erfahrung aus 30 Jahren bleibt im Ver- und Ankauf von Trikes aller Hersteller und dem langj\u00e4hrigen Werkstattservice erhalten. Wir bedanken uns [&hellip;]","og_url":"https:\/\/trikes.net\/trikes-mieten\/","og_site_name":"TrikeWorld - Trikeverkauf, Trikeankauf und Service","twitter_card":"summary","schema":{"@context":"https:\/\/schema.org","@graph":[{"@type":"WebSite","@id":"https:\/\/trikes.net\/#website","url":"https:\/\/trikes.net\/","name":"TrikeWorld - Trikes erleben, Trikes mieten und Trikes kaufen","description":"","potentialAction":[{"@type":"SearchAction","target":{"@type":"EntryPoint","urlTemplate":"https:\/\/trikes.net\/?s={search_term_string}"},"query-input":"required name=search_term_string"}],"inLanguage":"en-US"},{"@type":"WebPage","@id":"https:\/\/trikes.net\/trikes-mieten\/#webpage","url":"https:\/\/trikes.net\/trikes-mieten\/","name":"\u2713 Trikes mieten - TrikeWorld - Trikeverkauf, Trikeankauf und Service","isPartOf":{"@id":"https:\/\/trikes.net\/#website"},"datePublished":"2019-10-28T18:21:32+00:00","dateModified":"2019-10-28T18:21:32+00:00","breadcrumb":{"@id":"https:\/\/trikes.net\/trikes-mieten\/#breadcrumb"},"inLanguage":"en-US","potentialAction":[{"@type":"ReadAction","target":["https:\/\/trikes.net\/trikes-mieten\/"]}]},{"@type":"BreadcrumbList","@id":"https:\/\/trikes.net\/trikes-mieten\/#breadcrumb","itemListElement":[{"@type":"ListItem","position":1,"name":"Startseite","item":"https:\/\/trikes.net\/hestia-front\/"},{"@type":"ListItem","position":2,"name":"Trikes mieten"}]}]}},"_links":{"self":[{"href":"https:\/\/trikes.net\/en\/wp-json\/wp\/v2\/pages\/2259"}],"collection":[{"href":"https:\/\/trikes.net\/en\/wp-json\/wp\/v2\/pages"}],"about":[{"href":"https:\/\/trikes.net\/en\/wp-json\/wp\/v2\/types\/page"}],"author":[{"embeddable":true,"href":"https:\/\/trikes.net\/en\/wp-json\/wp\/v2\/users\/1"}],"replies":[{"embeddable":true,"href":"https:\/\/trikes.net\/en\/wp-json\/wp\/v2\/comments?post=2259"}],"version-history":[{"count":1,"href":"https:\/\/trikes.net\/en\/wp-json\/wp\/v2\/pages\/2259\/revisions"}],"predecessor-version":[{"id":2260,"href":"https:\/\/trikes.net\/en\/wp-json\/wp\/v2\/pages\/2259\/revisions\/2260"}],"wp:attachment":[{"href":"https:\/\/trikes.net\/en\/wp-json\/wp\/v2\/media?parent=2259"}],"curies":[{"name":"wp","href":"https:\/\/api.w.org\/{rel}","templated":true}]}}